{"id":506,"date":"2024-06-13T19:16:37","date_gmt":"2024-06-13T17:16:37","guid":{"rendered":"https:\/\/lexazur-avocats.com\/?page_id=506"},"modified":"2024-06-13T20:11:52","modified_gmt":"2024-06-13T18:11:52","slug":"vivian-thomas","status":"publish","type":"page","link":"https:\/\/lexazur-avocats.com\/?page_id=506","title":{"rendered":"VIVIAN THOMAS"},"content":{"rendered":"\n\t<section class=\"section\" id=\"section_220450574\">\n\t\t<div class=\"bg section-bg fill bg-fill  bg-loaded\" >\n\n\t\t\t\n\t\t\t\n\t\t\t\n\n\t\t<\/div>\n\n\t\t<div class=\"section-content relative\">\n\t\t\t\n\n<div class=\"row\"  id=\"row-1595150422\">\n\n\n\t<div class=\"col medium-7 small-12 large-7\"  >\n\t\t<div class=\"col-inner\"  >\n\t\t\t\n\t\t\t\n\n<h2 class=\"uppercase\">Vivian THOMAS<\/h2>\n<p><strong>Ma\u00eetre Vivian THOMAS<\/strong>\u00a0propose une prestation juridique compl\u00e8te, de conseil, d\u2019assistance et de repr\u00e9sentation en Justice, en vue de la d\u00e9fense des int\u00e9r\u00eats de ses clients.<\/p>\n<p><strong>Il intervient essentiellement dans les domaines suivants :<\/strong><\/p>\n<p>Droit des affaires, Droit immobilier et le Droit du Sport.<\/p>\n\n\t\t<\/div>\n\t<\/div>\n\n\t\n\n\t<div class=\"col medium-5 small-12 large-5\"  >\n\t\t<div class=\"col-inner\"  >\n\t\t\t\n\t\t\t\n\n\t<div class=\"img has-hover x md-x lg-x y md-y lg-y\" id=\"image_2025355771\">\n\t\t\t\t\t\t\t\t<div class=\"img-inner dark\" >\n\t\t\t<img loading=\"lazy\" decoding=\"async\" width=\"1020\" height=\"545\" src=\"https:\/\/lexazur-avocats.com\/wp-content\/uploads\/2020\/06\/droit-immobilier-rennes-cabinet-avocats-ares-1400x748.jpg\" class=\"attachment-large size-large\" alt=\"\" srcset=\"https:\/\/lexazur-avocats.com\/wp-content\/uploads\/2020\/06\/droit-immobilier-rennes-cabinet-avocats-ares-1400x748.jpg 1400w, https:\/\/lexazur-avocats.com\/wp-content\/uploads\/2020\/06\/droit-immobilier-rennes-cabinet-avocats-ares-749x400.jpg 749w, https:\/\/lexazur-avocats.com\/wp-content\/uploads\/2020\/06\/droit-immobilier-rennes-cabinet-avocats-ares-768x410.jpg 768w, https:\/\/lexazur-avocats.com\/wp-content\/uploads\/2020\/06\/droit-immobilier-rennes-cabinet-avocats-ares-1536x821.jpg 1536w, https:\/\/lexazur-avocats.com\/wp-content\/uploads\/2020\/06\/droit-immobilier-rennes-cabinet-avocats-ares-2048x1094.jpg 2048w\" sizes=\"(max-width: 1020px) 100vw, 1020px\" \/>\t\t\t\t\t\t\n\t\t\t\t\t<\/div>\n\t\t\t\t\t\t\t\t\n<style scope=\"scope\">\n\n#image_2025355771 {\n  width: 100%;\n}\n<\/style>\n\t<\/div>\n\t\n\n\n\t\t<\/div>\n\t<\/div>\n\n\t\n\n<\/div>\n<p><strong>Ma\u00eetre Vivian THOMAS <\/strong>a \u00e9t\u00e9 dipl\u00f4m\u00e9 d\u2019un Master 2 de juriste d&rsquo;entreprise de l&rsquo;Universit\u00e9 C\u00f4te-d\u2019Azur avant d\u2019int\u00e9grer l\u2019Ecole Des Avocats du Sud-Est en vue de l\u2019obtention du CAPA.<\/p>\n<p>Il a pr\u00eat\u00e9 serment et rejoint le Barreau de Nice en juin 2010.<\/p>\n\n  <div class=\"banner has-hover\" id=\"banner-468960581\">\n          <div class=\"banner-inner fill\">\n        <div class=\"banner-bg fill\" >\n            <div class=\"bg fill bg-fill \"><\/div>\n                        <div class=\"overlay\"><\/div>            \n                    <\/div>\n        <div class=\"banner-layers container\">\n            <div class=\"fill banner-link\"><\/div>            \n\n   <div id=\"text-box-2107518073\" class=\"text-box banner-layer x50 md-x50 lg-x50 y50 md-y50 lg-y50 res-text\">\n                                <div class=\"text dark\">\n              \n              <div class=\"text-inner text-center\">\n                  \n\n<h4 class=\"uppercase\"><span style=\"font-size: 140%;\">Vivian THOMAS<\/span><\/h4>\n<h4 class=\"uppercase\"><span style=\"font-size: 140%;\">Avocat<\/span><\/h4>\n<h4 class=\"uppercase\"><span style=\"font-size: 140%;\">\u00a0<\/span><\/h4>\n<h4 class=\"uppercase\"><span style=\"font-size: 140%;\"><em>LEXAZUR\u00a0AVOCATS<\/em><\/span><\/h4>\n<h4 class=\"uppercase\"><span style=\"font-size: 140%;\"><a href=\"https:\/\/www.google.com\/maps\/search\/9,+Rue+Foncet+06000+NICE?entry=gmail&amp;source=g\" data-saferedirecturl=\"https:\/\/www.google.com\/url?q=https:\/\/www.google.com\/maps\/search\/9,%2BRue%2BFoncet%2B06000%2BNICE?entry%3Dgmail%26source%3Dg&amp;source=gmail&amp;ust=1683894761213000&amp;usg=AOvVaw0lt5Ex455v3Jiw2JJCPlEm\">9, Rue Foncet<\/a><\/span><\/h4>\n<h4 class=\"uppercase\"><span style=\"font-size: 140%;\"><a href=\"https:\/\/www.google.com\/maps\/search\/9,+Rue+Foncet+06000+NICE?entry=gmail&amp;source=g\" data-saferedirecturl=\"https:\/\/www.google.com\/url?q=https:\/\/www.google.com\/maps\/search\/9,%2BRue%2BFoncet%2B06000%2BNICE?entry%3Dgmail%26source%3Dg&amp;source=gmail&amp;ust=1683894761213000&amp;usg=AOvVaw0lt5Ex455v3Jiw2JJCPlEm\">06000 NICE<\/a><\/span><\/h4>\n<h4 class=\"uppercase\"><span style=\"font-size: 140%;\">T\u00e9l : 04.93.88.57.55 <\/span><\/h4>\n<h4 class=\"uppercase\"><span style=\"font-size: 140%;\">Fax : 04.84.88.70.03<\/span><\/h4>\n\n              <\/div>\n           <\/div>\n                            \n<style scope=\"scope\">\n\n#text-box-2107518073 {\n  width: 60%;\n}\n#text-box-2107518073 .text {\n  font-size: 100%;\n}\n<\/style>\n    <\/div>\n \n\n        <\/div>\n      <\/div>\n\n            \n<style scope=\"scope\">\n\n#banner-468960581 {\n  padding-top: 500px;\n}\n#banner-468960581 .bg.bg-loaded {\n  background-image: url(https:\/\/lexazur-avocats.com\/wp-content\/uploads\/2020\/06\/droit-public-prive-penal-1136x800.jpeg);\n}\n#banner-468960581 .overlay {\n  background-color: rgba(0,0,0,.5);\n}\n<\/style>\n  <\/div>\n\n\n\n\t\t<\/div>\n\n\t\t\n<style scope=\"scope\">\n\n#section_220450574 {\n  padding-top: 30px;\n  padding-bottom: 30px;\n}\n<\/style>\n\t<\/section>\n\t\n\n","protected":false},"excerpt":{"rendered":"","protected":false},"author":2,"featured_media":0,"parent":0,"menu_order":0,"comment_status":"closed","ping_status":"closed","template":"","meta":{"footnotes":""},"_links":{"self":[{"href":"https:\/\/lexazur-avocats.com\/index.php?rest_route=\/wp\/v2\/pages\/506"}],"collection":[{"href":"https:\/\/lexazur-avocats.com\/index.php?rest_route=\/wp\/v2\/pages"}],"about":[{"href":"https:\/\/lexazur-avocats.com\/index.php?rest_route=\/wp\/v2\/types\/page"}],"author":[{"embeddable":true,"href":"https:\/\/lexazur-avocats.com\/index.php?rest_route=\/wp\/v2\/users\/2"}],"replies":[{"embeddable":true,"href":"https:\/\/lexazur-avocats.com\/index.php?rest_route=%2Fwp%2Fv2%2Fcomments&post=506"}],"version-history":[{"count":7,"href":"https:\/\/lexazur-avocats.com\/index.php?rest_route=\/wp\/v2\/pages\/506\/revisions"}],"predecessor-version":[{"id":534,"href":"https:\/\/lexazur-avocats.com\/index.php?rest_route=\/wp\/v2\/pages\/506\/revisions\/534"}],"wp:attachment":[{"href":"https:\/\/lexazur-avocats.com\/index.php?rest_route=%2Fwp%2Fv2%2Fmedia&parent=506"}],"curies":[{"name":"wp","href":"https:\/\/api.w.org\/{rel}","templated":true}]}}