{"id":494,"date":"2024-06-13T18:36:41","date_gmt":"2024-06-13T16:36:41","guid":{"rendered":"https:\/\/lexazur-avocats.com\/?page_id=494"},"modified":"2024-06-13T21:12:16","modified_gmt":"2024-06-13T19:12:16","slug":"494-2","status":"publish","type":"page","link":"https:\/\/lexazur-avocats.com\/?page_id=494","title":{"rendered":"Mentions l\u00e9gales"},"content":{"rendered":"\n\n\n<h2 class=\"wp-block-heading has-text-align-center has-medium-font-size\">Mentions l\u00e9gales<\/h2>\n\n\n\n<div style=\"height:31px\" aria-hidden=\"true\" class=\"wp-block-spacer\"><\/div>\n\n\n\n<p>L\u2019adresse du site internet est&nbsp;: <a href=\"https:\/\/lexazur-avocats.com\">lexazur-avocats.com<\/a>, ci-apr\u00e8s le Site web.<\/p>\n\n\n\n<p>Le directeur de la publication est Vivian THOMAS, avocat au Barreau de Nice (Case Palais : 200).<\/p>\n\n\n\n<h3 class=\"wp-block-heading\"><strong>Informations relatives \u00e0 l&rsquo;\u00e9diteur du Site<\/strong> web<\/h3>\n\n\n\n<p>L&rsquo;\u00e9diteur du Site web est la AARPI (Association d\u2019avocats \u00e0 responsabilit\u00e9 professionnelle individuelle) LEXAZUR AVOCATS.<\/p>\n\n\n\n<p>Identifiant SIREN de LEXAZUR AVOCATS : 880 399 894.<\/p>\n\n\n\n<p>Si\u00e8ge social : 9, rue Foncet 06000 Nice, France.<\/p>\n\n\n\n<p>Courriel : contact@lexazur-avocats.com<\/p>\n\n\n\n<p>T\u00e9l\u00e9phone : +33 (0) 4 93 88 57 55<\/p>\n\n\n\n<h3 class=\"wp-block-heading\"><strong>Coordonn\u00e9es de l&rsquo;h\u00e9bergeur <\/strong><\/h3>\n\n\n\n<p>Le Site web est h\u00e9berg\u00e9 aupr\u00e8s de la Soci\u00e9t\u00e9 par Actions Simplifi\u00e9e OVH. <\/p>\n\n\n\n<p>La soci\u00e9t\u00e9 OVH a pour RCS : Lille M\u00e9tropole 42476141900045. <\/p>\n\n\n\n<p>La soci\u00e9t\u00e9 OVH a pour si\u00e8ge social : 2 rue Kellermann, 59100 Roubaix, France.<\/p>\n\n\n\n<p>Coordonn\u00e9es t\u00e9l\u00e9phoniques du service client de la soci\u00e9t\u00e9 OVH : 10.07.<\/p>\n","protected":false},"excerpt":{"rendered":"<p>Mentions l\u00e9gales L\u2019adresse du site internet est&nbsp;: lexazur-avocats.com, ci-apr\u00e8s le Site web. Le directeur de la publication est Vivian THOMAS, avocat au Barreau de Nice (Case Palais : 200). Informations relatives \u00e0 l&rsquo;\u00e9diteur du Site web L&rsquo;\u00e9diteur du Site web est la AARPI (Association d\u2019avocats \u00e0 responsabilit\u00e9 professionnelle individuelle) LEXAZUR AVOCATS. Identifiant SIREN de LEXAZUR [&#8230;]\n","protected":false},"author":2,"featured_media":0,"parent":0,"menu_order":0,"comment_status":"closed","ping_status":"closed","template":"","meta":{"footnotes":""},"_links":{"self":[{"href":"https:\/\/lexazur-avocats.com\/index.php?rest_route=\/wp\/v2\/pages\/494"}],"collection":[{"href":"https:\/\/lexazur-avocats.com\/index.php?rest_route=\/wp\/v2\/pages"}],"about":[{"href":"https:\/\/lexazur-avocats.com\/index.php?rest_route=\/wp\/v2\/types\/page"}],"author":[{"embeddable":true,"href":"https:\/\/lexazur-avocats.com\/index.php?rest_route=\/wp\/v2\/users\/2"}],"replies":[{"embeddable":true,"href":"https:\/\/lexazur-avocats.com\/index.php?rest_route=%2Fwp%2Fv2%2Fcomments&post=494"}],"version-history":[{"count":8,"href":"https:\/\/lexazur-avocats.com\/index.php?rest_route=\/wp\/v2\/pages\/494\/revisions"}],"predecessor-version":[{"id":537,"href":"https:\/\/lexazur-avocats.com\/index.php?rest_route=\/wp\/v2\/pages\/494\/revisions\/537"}],"wp:attachment":[{"href":"https:\/\/lexazur-avocats.com\/index.php?rest_route=%2Fwp%2Fv2%2Fmedia&parent=494"}],"curies":[{"name":"wp","href":"https:\/\/api.w.org\/{rel}","templated":true}]}}