{"id":465,"date":"2023-05-11T16:18:54","date_gmt":"2023-05-11T14:18:54","guid":{"rendered":"https:\/\/lexazur-avocats.com\/?page_id=465"},"modified":"2023-05-11T16:20:28","modified_gmt":"2023-05-11T14:20:28","slug":"droit-de-la-presse","status":"publish","type":"page","link":"https:\/\/lexazur-avocats.com\/?page_id=465","title":{"rendered":"DROIT DE LA PRESSE"},"content":{"rendered":"\n\n  <div class=\"banner has-hover\" id=\"banner-2001545592\">\n          <div class=\"banner-inner fill\">\n        <div class=\"banner-bg fill\" >\n            <div class=\"bg fill bg-fill \"><\/div>\n                                    \n                    <\/div>\n        <div class=\"banner-layers container\">\n            <div class=\"fill banner-link\"><\/div>            \n\n\n        <\/div>\n      <\/div>\n\n            \n<style scope=\"scope\">\n\n#banner-2001545592 {\n  padding-top: 283px;\n}\n#banner-2001545592 .bg.bg-loaded {\n  background-image: url(https:\/\/lexazur-avocats.com\/wp-content\/uploads\/2020\/06\/Fotolia_72232358_L-927x800.jpg);\n}\n<\/style>\n  <\/div>\n\n\n\t<section class=\"section\" id=\"section_34040418\">\n\t\t<div class=\"bg section-bg fill bg-fill  bg-loaded\" >\n\n\t\t\t\n\t\t\t\n\t\t\t\n\n\t\t<\/div>\n\n\t\t<div class=\"section-content relative\">\n\t\t\t\n\n<div class=\"row\"  id=\"row-625952971\">\n\n\n\t<div class=\"col medium-6 small-12 large-6\"  >\n\t\t<div class=\"col-inner\"  >\n\t\t\t\n\t\t\t\n\n<h2>DROIT DE LA PRESSE<\/h2>\n<h3>\u00a0<\/h3>\n<p>Le contentieux de la presse est encadr\u00e9 par des r\u00e8gles proc\u00e9durales pr\u00e9cises et complexes,<br \/>\u00e9galement tenues par de brefs d\u00e9lais fix\u00e9s par la loi.<br \/>C\u2019est pourquoi nous pouvons intervenir devant les\u00a0juridictions sp\u00e9cialis\u00e9es de la presse, en mati\u00e8re<br \/>civile ou p\u00e9nale (diffamations\u00a0et\u00a0injures publiques, insertion de\u00a0droits de r\u00e9ponse, contentieux de la<br \/>protection de la vie priv\u00e9e, proc\u00e9dure de r\u00e9f\u00e9r\u00e9s&#8230;).<\/p>\n\n\t\t<\/div>\n\t<\/div>\n\n\t\n\n\t<div class=\"col medium-6 small-12 large-6\"  >\n\t\t<div class=\"col-inner\"  >\n\t\t\t\n\t\t\t\n\n<p>En effet, l&rsquo;expertise de l&rsquo;avocat s\u2019av\u00e8re dans les proc\u00e9dures du droit de la presse et des m\u00e9dias.<br \/>Par ailleurs, en amont des contentieux \u00e9ventuels, le Cabinet peut vous conseiller dans vos relations avec les m\u00e9dias, et avant toute diffusion ou communication publique par exemple, avant de vous pr\u00e9munir d\u2019un \u00e9ventuel risque p\u00e9nal.<\/p>\n\n\t\t<\/div>\n\t<\/div>\n\n\t\n\n<\/div>\n\n\t\t<\/div>\n\n\t\t\n<style scope=\"scope\">\n\n#section_34040418 {\n  padding-top: 30px;\n  padding-bottom: 30px;\n}\n<\/style>\n\t<\/section>\n\t\n\n","protected":false},"excerpt":{"rendered":"","protected":false},"author":1,"featured_media":0,"parent":0,"menu_order":0,"comment_status":"closed","ping_status":"closed","template":"","meta":{"footnotes":""},"_links":{"self":[{"href":"https:\/\/lexazur-avocats.com\/index.php?rest_route=\/wp\/v2\/pages\/465"}],"collection":[{"href":"https:\/\/lexazur-avocats.com\/index.php?rest_route=\/wp\/v2\/pages"}],"about":[{"href":"https:\/\/lexazur-avocats.com\/index.php?rest_route=\/wp\/v2\/types\/page"}],"author":[{"embeddable":true,"href":"https:\/\/lexazur-avocats.com\/index.php?rest_route=\/wp\/v2\/users\/1"}],"replies":[{"embeddable":true,"href":"https:\/\/lexazur-avocats.com\/index.php?rest_route=%2Fwp%2Fv2%2Fcomments&post=465"}],"version-history":[{"count":2,"href":"https:\/\/lexazur-avocats.com\/index.php?rest_route=\/wp\/v2\/pages\/465\/revisions"}],"predecessor-version":[{"id":467,"href":"https:\/\/lexazur-avocats.com\/index.php?rest_route=\/wp\/v2\/pages\/465\/revisions\/467"}],"wp:attachment":[{"href":"https:\/\/lexazur-avocats.com\/index.php?rest_route=%2Fwp%2Fv2%2Fmedia&parent=465"}],"curies":[{"name":"wp","href":"https:\/\/api.w.org\/{rel}","templated":true}]}}