{"id":460,"date":"2023-05-11T16:14:44","date_gmt":"2023-05-11T14:14:44","guid":{"rendered":"https:\/\/lexazur-avocats.com\/?page_id=460"},"modified":"2023-05-11T16:16:30","modified_gmt":"2023-05-11T14:16:30","slug":"droit-de-la-famille-etat-des-personnes-et-successions","status":"publish","type":"page","link":"https:\/\/lexazur-avocats.com\/?page_id=460","title":{"rendered":"DROIT DE LA FAMILLE, \u00c9TAT DES PERSONNES ET SUCCESSIONS"},"content":{"rendered":"\n\n  <div class=\"banner has-hover\" id=\"banner-192406296\">\n          <div class=\"banner-inner fill\">\n        <div class=\"banner-bg fill\" >\n            <div class=\"bg fill bg-fill \"><\/div>\n                                    \n                    <\/div>\n        <div class=\"banner-layers container\">\n            <div class=\"fill banner-link\"><\/div>            \n\n\n        <\/div>\n      <\/div>\n\n            \n<style scope=\"scope\">\n\n#banner-192406296 {\n  padding-top: 283px;\n}\n#banner-192406296 .bg.bg-loaded {\n  background-image: url(https:\/\/lexazur-avocats.com\/wp-content\/uploads\/2020\/06\/nice2-1400x653.jpg);\n}\n<\/style>\n  <\/div>\n\n\n\t<section class=\"section\" id=\"section_1468025677\">\n\t\t<div class=\"bg section-bg fill bg-fill  bg-loaded\" >\n\n\t\t\t\n\t\t\t\n\t\t\t\n\n\t\t<\/div>\n\n\t\t<div class=\"section-content relative\">\n\t\t\t\n\n<div class=\"row\"  id=\"row-1166847941\">\n\n\n\t<div class=\"col medium-6 small-12 large-6\"  >\n\t\t<div class=\"col-inner\"  >\n\t\t\t\n\t\t\t\n\n<h2>DROIT DE LA FAMILLE, \u00c9TAT DES PERSONNES ET SUCCESSIONS<\/h2>\n<p>\u00a0<\/p>\n<p>Le droit de la famille est un domaine sensible, car concernant le c\u0153ur de la vie priv\u00e9e, l\u2019intimit\u00e9 de la<br \/>personne.<br \/>Cette mati\u00e8re n\u00e9cessite une ma\u00eetrise des proc\u00e9dures relevant du Juge aux Affaires Familiales, mais<br \/>\u00e9galement une capacit\u00e9 d\u2019\u00e9coute et de discussion pour parvenir \u00e0 la solution la plus adapt\u00e9e et \u00e0<br \/>d\u00e9passionner les oppositions.<br \/>Outre les proc\u00e9dures de divorce, nous pouvons intervenir dans le cadre de diverses proc\u00e9dures<br \/>concernant le Juge aux Affaires Familiales\u00a0: attribution de l\u2019autorit\u00e9 parentale, r\u00e9sidence de<br \/>l\u2019enfant, droit de visite et d\u2019h\u00e9bergement, part contributive \u00e0 l\u2019\u00e9ducation et \u00e0 l\u2019entretien de l\u2019enfant,<br \/>violences familiales et mesures d\u2019urgence, droit des grands-parents\u2026<br \/>Votre Avocat peut \u00e9galement vous assister dans le cadre des proc\u00e9dures relevant du Tribunal<br \/>Judiciaire, et relatives \u00e0 l\u2019adoption simple, l\u2019adoption pl\u00e9ni\u00e8re, le d\u00e9laissement parental, ou<br \/>encore \u00e0 l\u2019homologation de changement de r\u00e9gime matrimonial .<br \/>Notre cabinet peut vous encore vous d\u00e9livrer diff\u00e9rents conseils en mati\u00e8re familiale et vous<br \/>accompagner dans la r\u00e9daction de contrat de PACS.<\/p>\n<p>\u00a0<\/p>\n\n\t\t<\/div>\n\t<\/div>\n\n\t\n\n\t<div class=\"col medium-6 small-12 large-6\"  >\n\t\t<div class=\"col-inner\"  >\n\t\t\t\n\t\t\t\n\n<p>Nous pouvons vous assister dans le cadre de proc\u00e9dures concernant l\u2019\u00e9tat des personnes, et<br \/>notamment les modifications d\u2019\u00c9tat Civil (proc\u00e9dure de changement de pr\u00e9nom, ou de changement de nom), ainsi que les proc\u00e9dures relatives aux personnes prot\u00e9g\u00e9es (tutelle, curatelle, habilitation<br \/>familiale).<br \/>Enfin, nous pourrons intervenir dans le cadre du droit des successions, afin de r\u00e9soudre les litiges touchant au r\u00e8glement d\u2019une succession, par voie amiable dans la mesure du possible (discussions entre les parties concern\u00e9es, \u00e9changes avec le notaire en charge du r\u00e8glement de la succession), pour un r\u00e8glement plus rapide, ou par la voie judiciaire, en cas d\u2019impossibilit\u00e9 de parvenir \u00e0 une solution amiable satisfaisante.<\/p>\n\n\t\t<\/div>\n\t<\/div>\n\n\t\n\n<\/div>\n\n\t\t<\/div>\n\n\t\t\n<style scope=\"scope\">\n\n#section_1468025677 {\n  padding-top: 30px;\n  padding-bottom: 30px;\n}\n<\/style>\n\t<\/section>\n\t\n\n","protected":false},"excerpt":{"rendered":"","protected":false},"author":1,"featured_media":0,"parent":0,"menu_order":0,"comment_status":"closed","ping_status":"closed","template":"","meta":{"footnotes":""},"_links":{"self":[{"href":"https:\/\/lexazur-avocats.com\/index.php?rest_route=\/wp\/v2\/pages\/460"}],"collection":[{"href":"https:\/\/lexazur-avocats.com\/index.php?rest_route=\/wp\/v2\/pages"}],"about":[{"href":"https:\/\/lexazur-avocats.com\/index.php?rest_route=\/wp\/v2\/types\/page"}],"author":[{"embeddable":true,"href":"https:\/\/lexazur-avocats.com\/index.php?rest_route=\/wp\/v2\/users\/1"}],"replies":[{"embeddable":true,"href":"https:\/\/lexazur-avocats.com\/index.php?rest_route=%2Fwp%2Fv2%2Fcomments&post=460"}],"version-history":[{"count":3,"href":"https:\/\/lexazur-avocats.com\/index.php?rest_route=\/wp\/v2\/pages\/460\/revisions"}],"predecessor-version":[{"id":463,"href":"https:\/\/lexazur-avocats.com\/index.php?rest_route=\/wp\/v2\/pages\/460\/revisions\/463"}],"wp:attachment":[{"href":"https:\/\/lexazur-avocats.com\/index.php?rest_route=%2Fwp%2Fv2%2Fmedia&parent=460"}],"curies":[{"name":"wp","href":"https:\/\/api.w.org\/{rel}","templated":true}]}}