{"id":456,"date":"2023-05-11T16:12:07","date_gmt":"2023-05-11T14:12:07","guid":{"rendered":"https:\/\/lexazur-avocats.com\/?page_id=456"},"modified":"2024-05-31T11:45:53","modified_gmt":"2024-05-31T09:45:53","slug":"procedures-de-divorce","status":"publish","type":"page","link":"https:\/\/lexazur-avocats.com\/?page_id=456","title":{"rendered":"PROCEDURES DE DIVORCE"},"content":{"rendered":"\n\n  <div class=\"banner has-hover\" id=\"banner-832319183\">\n          <div class=\"banner-inner fill\">\n        <div class=\"banner-bg fill\" >\n            <div class=\"bg fill bg-fill \"><\/div>\n                                    \n                    <\/div>\n        <div class=\"banner-layers container\">\n            <div class=\"fill banner-link\"><\/div>            \n\n\n        <\/div>\n      <\/div>\n\n            \n<style scope=\"scope\">\n\n#banner-832319183 {\n  padding-top: 283px;\n}\n#banner-832319183 .bg.bg-loaded {\n  background-image: url(https:\/\/lexazur-avocats.com\/wp-content\/uploads\/2020\/06\/equipe4-1400x365.jpg);\n}\n<\/style>\n  <\/div>\n\n\n\t<section class=\"section\" id=\"section_1710288154\">\n\t\t<div class=\"bg section-bg fill bg-fill  bg-loaded\" >\n\n\t\t\t\n\t\t\t\n\t\t\t\n\n\t\t<\/div>\n\n\t\t<div class=\"section-content relative\">\n\t\t\t\n\n<div class=\"row\"  id=\"row-868817694\">\n\n\n\t<div class=\"col medium-6 small-12 large-6\"  >\n\t\t<div class=\"col-inner\"  >\n\t\t\t\n\t\t\t\n\n<h2>PROCEDURES DE DIVORCE<\/h2>\n<h3>\u00a0<\/h3>\n<p>La rupture du mariage est un sujet sensible, pouvant avoir des cons\u00e9quences humaines et mat\u00e9rielles<br \/>consid\u00e9rables.<br \/>C\u2019est pourquoi ce domaine implique une approche r\u00e9fl\u00e9chie des situations et des proc\u00e9dures de<br \/>s\u00e9paration, notamment par une \u00e9coute et une discussion particuli\u00e8re, de mani\u00e8re \u00e0 pouvoir privil\u00e9gier<br \/>la solution la plus adapt\u00e9e et la moins conflictuelle possible.<br \/>Dans cette perspective, notre Cabinet peut vous assister dans le cadre d\u2019une proc\u00e9dure de\u00a0divorce,<br \/>que ce soit dans le cadre d\u2019une proc\u00e9dure judiciaire ou dans le cadre d\u2019un processus de divorce par<br \/>consentement mutuel non judiciaris\u00e9.<\/p>\n\n\t\t<\/div>\n\t<\/div>\n\n\t\n\n\t<div class=\"col medium-6 small-12 large-6\"  >\n\t\t<div class=\"col-inner\"  >\n\t\t\t\n\t\t\t\n\n<p>&#8211; Divorce par consentement mutuel sans juge (ce type de divorce implique que les \u00e9poux s&rsquo;entendent sur le principe du divorce ainsi que sur ses cons\u00e9quences). Chacun des \u00e9poux a son propre avocat. La convention de divorce est sign\u00e9e par les avocats et leurs clients par acte d&rsquo;avocat. Une fois la convention sign\u00e9e, cette derni\u00e8re fait l\u2019objet d\u2019un d\u00e9p\u00f4t aupr\u00e8s d\u2019une \u00e9tude notariale.<br \/>&#8211; Divorce par acceptation du principe de rupture du mariage (les \u00e9poux sont d&rsquo;accord pour divorcer mais pas sur les effets du divorce. C\u2019est alors le juge qui statuera sur les cons\u00e9quences du divorce, selon les \u00e9l\u00e9ments pr\u00e9sent\u00e9s par les deux parties).<br \/>&#8211; Divorce pour alt\u00e9ration d\u00e9finitive du lien conjugal (il faut pouvoir d\u00e9montrer une alt\u00e9ration d\u00e9finitive du lien conjugal depuis deux ans afin que le divorce soit prononc\u00e9 par le juge, ce d\u00e9lai passant \u00e0 un an \u00e0 compter du 1er janvier 2021, pour les proc\u00e9dures qui seront introduites \u00e0 compter de cette date).<br \/>&#8211; Divorce pour faute (lorsqu\u2019une solution \u00ab pacifi\u00e9e \u00bb ne peut \u00eatre mise en \u0153uvre, ce type de divorce pourra \u00eatre utilis\u00e9 lorsqu\u2019il peut \u00eatre imput\u00e9 une faute \u00e0 l\u2019un des \u00e9poux).<\/p>\n\n\t\t<\/div>\n\t<\/div>\n\n\t\n\n<\/div>\n\n\t\t<\/div>\n\n\t\t\n<style scope=\"scope\">\n\n#section_1710288154 {\n  padding-top: 30px;\n  padding-bottom: 30px;\n}\n<\/style>\n\t<\/section>\n\t\n\n","protected":false},"excerpt":{"rendered":"","protected":false},"author":1,"featured_media":0,"parent":0,"menu_order":0,"comment_status":"closed","ping_status":"closed","template":"","meta":{"footnotes":""},"_links":{"self":[{"href":"https:\/\/lexazur-avocats.com\/index.php?rest_route=\/wp\/v2\/pages\/456"}],"collection":[{"href":"https:\/\/lexazur-avocats.com\/index.php?rest_route=\/wp\/v2\/pages"}],"about":[{"href":"https:\/\/lexazur-avocats.com\/index.php?rest_route=\/wp\/v2\/types\/page"}],"author":[{"embeddable":true,"href":"https:\/\/lexazur-avocats.com\/index.php?rest_route=\/wp\/v2\/users\/1"}],"replies":[{"embeddable":true,"href":"https:\/\/lexazur-avocats.com\/index.php?rest_route=%2Fwp%2Fv2%2Fcomments&post=456"}],"version-history":[{"count":3,"href":"https:\/\/lexazur-avocats.com\/index.php?rest_route=\/wp\/v2\/pages\/456\/revisions"}],"predecessor-version":[{"id":474,"href":"https:\/\/lexazur-avocats.com\/index.php?rest_route=\/wp\/v2\/pages\/456\/revisions\/474"}],"wp:attachment":[{"href":"https:\/\/lexazur-avocats.com\/index.php?rest_route=%2Fwp%2Fv2%2Fmedia&parent=456"}],"curies":[{"name":"wp","href":"https:\/\/api.w.org\/{rel}","templated":true}]}}