{"id":445,"date":"2023-05-11T16:05:37","date_gmt":"2023-05-11T14:05:37","guid":{"rendered":"https:\/\/lexazur-avocats.com\/?page_id=445"},"modified":"2023-05-11T16:06:54","modified_gmt":"2023-05-11T14:06:54","slug":"indemnisation-du-prejudice-corporel","status":"publish","type":"page","link":"https:\/\/lexazur-avocats.com\/?page_id=445","title":{"rendered":"INDEMNISATION DU PR\u00c9JUDICE CORPOREL"},"content":{"rendered":"\n\n  <div class=\"banner has-hover\" id=\"banner-147612507\">\n          <div class=\"banner-inner fill\">\n        <div class=\"banner-bg fill\" >\n            <div class=\"bg fill bg-fill \"><\/div>\n                                    \n                    <\/div>\n        <div class=\"banner-layers container\">\n            <div class=\"fill banner-link\"><\/div>            \n\n\n        <\/div>\n      <\/div>\n\n            \n<style scope=\"scope\">\n\n#banner-147612507 {\n  padding-top: 283px;\n}\n#banner-147612507 .bg.bg-loaded {\n  background-image: url(https:\/\/lexazur-avocats.com\/wp-content\/uploads\/2020\/06\/pexels-photo-587063-1400x458.jpeg);\n}\n<\/style>\n  <\/div>\n\n\n\t<section class=\"section\" id=\"section_890764480\">\n\t\t<div class=\"bg section-bg fill bg-fill  bg-loaded\" >\n\n\t\t\t\n\t\t\t\n\t\t\t\n\n\t\t<\/div>\n\n\t\t<div class=\"section-content relative\">\n\t\t\t\n\n<div class=\"row\"  id=\"row-1301142191\">\n\n\n\t<div class=\"col medium-6 small-12 large-6\"  >\n\t\t<div class=\"col-inner\"  >\n\t\t\t\n\t\t\t\n\n<h2>INDEMNISATION DU PR\u00c9JUDICE CORPOREL<\/h2>\n<h3>\u00a0<\/h3>\n<p>Divers faits dommageables (accident de la circulation, agression, erreur m\u00e9dicale, accident<br \/>domestique\u2026) peuvent avoir des cons\u00e9quences physiques et morales majeures, et n\u00e9cessiter une<br \/>longue proc\u00e9dure tendant \u00e0 obtenir r\u00e9paration des diff\u00e9rents pr\u00e9judices subis.<br \/>Afin de vous aider dans cette d\u00e9marche, et de vous soulager dans un contexte souvent difficile,<br \/>notamment sur le plan moral, nous pouvons vous assister durant tout le processus relatif \u00e0 la<br \/>r\u00e9paration du pr\u00e9judice corporel\u00a0:<br \/>&#8211; lors de la phase amiable avec l\u2019auteur du fait dommageable et son assureur, avec<br \/>l\u2019assistance \u00e0 expertise m\u00e9dicale contradictoire, l\u2019\u00e9laboration d\u2019un dossier m\u00e9dical avec la<br \/>collaboration d\u2019Experts en m\u00e9decine, la r\u00e9daction d\u2019une demande indemnitaire ou d\u2019une<br \/>contre-proposition en cas de formulation d\u2019offre indemnitaire insuffisante\u2026<br \/>&#8211; lors de la phase judiciaire, avec l\u2019appui d\u2019\u00e9critures et d\u2019un dossier de plaidoirie reposant sur<br \/>des \u00e9l\u00e9ments m\u00e9dicaux tangibles et un chiffrage du pr\u00e9judice pertinent.<\/p>\n\n\t\t<\/div>\n\t<\/div>\n\n\t\n\n\t<div class=\"col medium-6 small-12 large-6\"  >\n\t\t<div class=\"col-inner\"  >\n\t\t\t\n\t\t\t\n\n<p>Dans la perspective de d\u00e9fendre aux mieux vos int\u00e9r\u00eats, et ainsi d\u2019obtenir une indemnisation la plus<br \/>favorable et la plus juste possible, nous travaillons avec diff\u00e9rents Experts (M\u00e9decin L\u00e9giste,<br \/>Psychiatre\u2026) qui, par leur intervention, permettront l\u2019\u00e9laboration d\u2019un dossier m\u00e9dical pertinent et<br \/>complet, de nature \u00e0 d\u00e9terminer avec pr\u00e9cision les diff\u00e9rents pr\u00e9judices subis.<br \/>Nous pouvons \u00e9galement nous charger des proc\u00e9dures tendant \u00e0 l\u2019indemnisation de pr\u00e9judices<br \/>d\u00e9coulant d\u2019une infraction p\u00e9nale, devant la Commission d\u2019indemnisation des victimes d\u2019infraction<br \/>(CIVI).<\/p>\n\n\t\t<\/div>\n\t<\/div>\n\n\t\n\n<\/div>\n\n\t\t<\/div>\n\n\t\t\n<style scope=\"scope\">\n\n#section_890764480 {\n  padding-top: 30px;\n  padding-bottom: 30px;\n}\n<\/style>\n\t<\/section>\n\t\n\n","protected":false},"excerpt":{"rendered":"","protected":false},"author":1,"featured_media":0,"parent":0,"menu_order":0,"comment_status":"closed","ping_status":"closed","template":"","meta":{"footnotes":""},"_links":{"self":[{"href":"https:\/\/lexazur-avocats.com\/index.php?rest_route=\/wp\/v2\/pages\/445"}],"collection":[{"href":"https:\/\/lexazur-avocats.com\/index.php?rest_route=\/wp\/v2\/pages"}],"about":[{"href":"https:\/\/lexazur-avocats.com\/index.php?rest_route=\/wp\/v2\/types\/page"}],"author":[{"embeddable":true,"href":"https:\/\/lexazur-avocats.com\/index.php?rest_route=\/wp\/v2\/users\/1"}],"replies":[{"embeddable":true,"href":"https:\/\/lexazur-avocats.com\/index.php?rest_route=%2Fwp%2Fv2%2Fcomments&post=445"}],"version-history":[{"count":3,"href":"https:\/\/lexazur-avocats.com\/index.php?rest_route=\/wp\/v2\/pages\/445\/revisions"}],"predecessor-version":[{"id":454,"href":"https:\/\/lexazur-avocats.com\/index.php?rest_route=\/wp\/v2\/pages\/445\/revisions\/454"}],"wp:attachment":[{"href":"https:\/\/lexazur-avocats.com\/index.php?rest_route=%2Fwp%2Fv2%2Fmedia&parent=445"}],"curies":[{"name":"wp","href":"https:\/\/api.w.org\/{rel}","templated":true}]}}