{"id":443,"date":"2023-05-11T15:56:43","date_gmt":"2023-05-11T13:56:43","guid":{"rendered":"https:\/\/lexazur-avocats.com\/?page_id=443"},"modified":"2023-05-11T16:00:39","modified_gmt":"2023-05-11T14:00:39","slug":"droit-routier","status":"publish","type":"page","link":"https:\/\/lexazur-avocats.com\/?page_id=443","title":{"rendered":"DROIT ROUTIER"},"content":{"rendered":"\n\n  <div class=\"banner has-hover\" id=\"banner-1171848016\">\n          <div class=\"banner-inner fill\">\n        <div class=\"banner-bg fill\" >\n            <div class=\"bg fill bg-fill \"><\/div>\n                                    \n                    <\/div>\n        <div class=\"banner-layers container\">\n            <div class=\"fill banner-link\"><\/div>            \n\n\n        <\/div>\n      <\/div>\n\n            \n<style scope=\"scope\">\n\n#banner-1171848016 {\n  padding-top: 283px;\n}\n#banner-1171848016 .bg.bg-loaded {\n  background-image: url(https:\/\/lexazur-avocats.com\/wp-content\/uploads\/2020\/06\/droits_belenox-1.jpg);\n}\n<\/style>\n  <\/div>\n\n\n\t<section class=\"section\" id=\"section_1903624461\">\n\t\t<div class=\"bg section-bg fill bg-fill  bg-loaded\" >\n\n\t\t\t\n\t\t\t\n\t\t\t\n\n\t\t<\/div>\n\n\t\t<div class=\"section-content relative\">\n\t\t\t\n\n<div class=\"row\"  id=\"row-1133650682\">\n\n\n\t<div class=\"col medium-6 small-12 large-6\"  >\n\t\t<div class=\"col-inner\"  >\n\t\t\t\n\t\t\t\n\n<h2>DROIT ROUTIER<\/h2>\n<p>\u00a0<\/p>\n<p>Le droit de la circulation routi\u00e8re g\u00e9n\u00e8re de nombreuses cons\u00e9quences pour l\u2019automobiliste.<\/p>\n<p>Souvent, la sanction est duale, puisque l\u2019automobiliste subit \u00e0 la fois une sanction p\u00e9nale<br \/>(amende et\/ ou emprisonnement par exemple) et une sanction administrative (retrait de point,<br \/>annulation du permis de conduire).<br \/>G\u00e9n\u00e9ralement, une intervention d\u00e8s le stade de la proc\u00e9dure p\u00e9nale, tendant \u00e0 \u00e9tablir ou non la<br \/>culpabilit\u00e9 relative \u00e0 une infraction routi\u00e8re peut s\u2019av\u00e9rer primordiale.<br \/>Notre cabinet intervient donc devant les tribunaux r\u00e9pressifs pour assurer votre d\u00e9fense (d\u00e9fense<br \/>p\u00e9nale relative aux infractions routi\u00e8res, telles que la conduite en \u00e9tat d\u2019ivresse, la conduite sous<br \/>l\u2019emprise de produits stup\u00e9fiants, l\u2019exc\u00e8s de vitesse\u2026), et tenter d\u2019obtenir une relaxe lorsque les<br \/>\u00e9l\u00e9ments le permettent, de mani\u00e8re \u00e0 \u00e9viter toute cons\u00e9quence sur le permis de conduire.<\/p>\n\n\t\t<\/div>\n\t<\/div>\n\n\t\n\n\t<div class=\"col medium-6 small-12 large-6\"  >\n\t\t<div class=\"col-inner\"  >\n\t\t\t\n\t\t\t\n\n<p>Lorsque l\u2019existence de l\u2019infraction ne peut \u00eatre contest\u00e9e, il s\u2019agira de tenter d\u2019att\u00e9nuer la peine et<br \/>d\u2019\u00e9viter la suspension ou l\u2019annulation du permis de conduire selon les cas.<br \/>Enfin, en cas d\u2019infraction non contestable, risquant ainsi d\u2019avoir des r\u00e9percussions sur les points<br \/>affect\u00e9s au permis de conduire, notre cabinet peut intervenir aussi bien\u00a0:<br \/>&#8211; aupr\u00e8s du Minist\u00e8re de l\u2019Int\u00e9rieur (recours pr\u00e9alable aux fins de restitution de points),<br \/>&#8211; devant les tribunaux administratifs pour les recours concernant le permis \u00e0 points<br \/>(annulation du retrait de points, remise en cause de la l\u00e9galit\u00e9 de l\u2019annulation du permis de<br \/>conduire\u2026).<\/p>\n\n\t\t<\/div>\n\t<\/div>\n\n\t\n\n<\/div>\n\n\t\t<\/div>\n\n\t\t\n<style scope=\"scope\">\n\n#section_1903624461 {\n  padding-top: 30px;\n  padding-bottom: 30px;\n}\n<\/style>\n\t<\/section>\n\t\n\n","protected":false},"excerpt":{"rendered":"","protected":false},"author":1,"featured_media":0,"parent":0,"menu_order":0,"comment_status":"closed","ping_status":"closed","template":"","meta":{"footnotes":""},"_links":{"self":[{"href":"https:\/\/lexazur-avocats.com\/index.php?rest_route=\/wp\/v2\/pages\/443"}],"collection":[{"href":"https:\/\/lexazur-avocats.com\/index.php?rest_route=\/wp\/v2\/pages"}],"about":[{"href":"https:\/\/lexazur-avocats.com\/index.php?rest_route=\/wp\/v2\/types\/page"}],"author":[{"embeddable":true,"href":"https:\/\/lexazur-avocats.com\/index.php?rest_route=\/wp\/v2\/users\/1"}],"replies":[{"embeddable":true,"href":"https:\/\/lexazur-avocats.com\/index.php?rest_route=%2Fwp%2Fv2%2Fcomments&post=443"}],"version-history":[{"count":3,"href":"https:\/\/lexazur-avocats.com\/index.php?rest_route=\/wp\/v2\/pages\/443\/revisions"}],"predecessor-version":[{"id":448,"href":"https:\/\/lexazur-avocats.com\/index.php?rest_route=\/wp\/v2\/pages\/443\/revisions\/448"}],"wp:attachment":[{"href":"https:\/\/lexazur-avocats.com\/index.php?rest_route=%2Fwp%2Fv2%2Fmedia&parent=443"}],"curies":[{"name":"wp","href":"https:\/\/api.w.org\/{rel}","templated":true}]}}