{"id":420,"date":"2023-05-11T15:03:51","date_gmt":"2023-05-11T13:03:51","guid":{"rendered":"https:\/\/lexazur-avocats.com\/?page_id=420"},"modified":"2024-06-13T20:16:31","modified_gmt":"2024-06-13T18:16:31","slug":"presentation-du-cabinet","status":"publish","type":"page","link":"https:\/\/lexazur-avocats.com\/?page_id=420","title":{"rendered":"PR\u00c9SENTATION DU CABINET"},"content":{"rendered":"\n\t<section class=\"section\" id=\"section_418126424\">\n\t\t<div class=\"bg section-bg fill bg-fill  bg-loaded\" >\n\n\t\t\t\n\t\t\t\n\t\t\t\n\n\t\t<\/div>\n\n\t\t<div class=\"section-content relative\">\n\t\t\t\n\n<div class=\"row\"  id=\"row-1067368910\">\n\n\n\t<div class=\"col medium-6 small-12 large-6\"  >\n\t\t<div class=\"col-inner\"  >\n\t\t\t\n\t\t\t\n\n<h3>Pr\u00e9sentation du cabinet LEXAZUR AVOCATS<\/h3>\n<p>Le cabinet LEXAZUR AVOCATS est situ\u00e9 dans le centre-ville de NICE, \u00e0 proximit\u00e9 du Tribunal Judiciaire, du Tribunal de commerce et du Conseil de prud\u2019hommes.<br \/>Il a \u00e9t\u00e9 fond\u00e9 par Ma\u00eetre Vivian THOMAS et Ma\u00eetre William HOENIG, avocats associ\u00e9s. Il est \u00e9galement compos\u00e9 d\u2019avocats collaborateurs et d\u2019une assistante juridique.<\/p>\n\n\t\t<\/div>\n\t<\/div>\n\n\t\n\n\t<div class=\"col medium-6 small-12 large-6\"  >\n\t\t<div class=\"col-inner\"  >\n\t\t\t\n\t\t\t\n\n\t<div class=\"img has-hover x md-x lg-x y md-y lg-y\" id=\"image_2109778799\">\n\t\t\t\t\t\t\t\t<div class=\"img-inner dark\" >\n\t\t\t<img loading=\"lazy\" decoding=\"async\" width=\"640\" height=\"400\" src=\"https:\/\/lexazur-avocats.com\/wp-content\/uploads\/2020\/06\/droit-des-affaires-rennes-cabinet-avocats-ares-640x400.jpg\" class=\"attachment-medium size-medium\" alt=\"\" srcset=\"https:\/\/lexazur-avocats.com\/wp-content\/uploads\/2020\/06\/droit-des-affaires-rennes-cabinet-avocats-ares-640x400.jpg 640w, https:\/\/lexazur-avocats.com\/wp-content\/uploads\/2020\/06\/droit-des-affaires-rennes-cabinet-avocats-ares-768x480.jpg 768w, https:\/\/lexazur-avocats.com\/wp-content\/uploads\/2020\/06\/droit-des-affaires-rennes-cabinet-avocats-ares.jpg 1232w\" sizes=\"(max-width: 640px) 100vw, 640px\" \/>\t\t\t\t\t\t\n\t\t\t\t\t<\/div>\n\t\t\t\t\t\t\t\t\n<style scope=\"scope\">\n\n#image_2109778799 {\n  width: 100%;\n}\n<\/style>\n\t<\/div>\n\t\n\n\n\t\t<\/div>\n\t<\/div>\n\n\t\n\n<\/div>\n\n\t\t<\/div>\n\n\t\t\n<style scope=\"scope\">\n\n#section_418126424 {\n  padding-top: 30px;\n  padding-bottom: 30px;\n}\n<\/style>\n\t<\/section>\n\t\n<div class=\"row\"  id=\"row-1435322304\">\n\n\n\t<div class=\"col medium-6 small-12 large-6\"  >\n\t\t<div class=\"col-inner\"  >\n\t\t\t\n\t\t\t\n\n\t<div class=\"img has-hover x md-x lg-x y md-y lg-y\" id=\"image_625189363\">\n\t\t\t\t\t\t\t\t<div class=\"img-inner dark\" >\n\t\t\t<img loading=\"lazy\" decoding=\"async\" width=\"600\" height=\"400\" src=\"https:\/\/lexazur-avocats.com\/wp-content\/uploads\/2020\/06\/avocat-en-droit-de-la-famille-600x400.jpg\" class=\"attachment-medium size-medium\" alt=\"\" srcset=\"https:\/\/lexazur-avocats.com\/wp-content\/uploads\/2020\/06\/avocat-en-droit-de-la-famille-600x400.jpg 600w, https:\/\/lexazur-avocats.com\/wp-content\/uploads\/2020\/06\/avocat-en-droit-de-la-famille-1200x800.jpg 1200w, https:\/\/lexazur-avocats.com\/wp-content\/uploads\/2020\/06\/avocat-en-droit-de-la-famille-768x512.jpg 768w, https:\/\/lexazur-avocats.com\/wp-content\/uploads\/2020\/06\/avocat-en-droit-de-la-famille-1536x1024.jpg 1536w, https:\/\/lexazur-avocats.com\/wp-content\/uploads\/2020\/06\/avocat-en-droit-de-la-famille-2048x1366.jpg 2048w\" sizes=\"(max-width: 600px) 100vw, 600px\" \/>\t\t\t\t\t\t\n\t\t\t\t\t<\/div>\n\t\t\t\t\t\t\t\t\n<style scope=\"scope\">\n\n#image_625189363 {\n  width: 100%;\n}\n<\/style>\n\t<\/div>\n\t\n\n\n\t\t<\/div>\n\t<\/div>\n\n\t\n\n\t<div class=\"col medium-6 small-12 large-6\"  >\n\t\t<div class=\"col-inner\"  >\n\t\t\t\n\t\t\t\n\n<p>Les avocats du cabinet peuvent intervenir dans des domaines tr\u00e8s diversifi\u00e9s, tels que le droit des affaires, le droit p\u00e9nal, le droit commercial, le droit des soci\u00e9t\u00e9s, le droit des contrats, le droit de la responsabilit\u00e9 d\u00e9lictuelle, la r\u00e9paration du pr\u00e9judice corporel, le droit de la famille, les proc\u00e9dures de divorce, le droit des successions, le droit des personnes, le droit immobilier, le droit de la copropri\u00e9t\u00e9,<br \/>le droit de la presse, le droit routier, le droit public ou encore le droit des proc\u00e9dures collectives.<\/p>\n\n\t\t<\/div>\n\t<\/div>\n\n\t\n\n<\/div>\n<p style=\"text-align: left;\">La diversit\u00e9 des comp\u00e9tences et des contentieux trait\u00e9s permet de r\u00e9pondre de mani\u00e8re pr\u00e9cise et r\u00e9active aux attentes de la client\u00e8le du cabinet, compos\u00e9e tout autant de particuliers que d\u2019institutionnels (syndic de copropri\u00e9t\u00e9, collectivit\u00e9 territoriale, soci\u00e9t\u00e9 commerciale\u2026).<br \/>Nous prenons \u00e9galement en charge les proc\u00e9dures dans le cadre de la protection fonctionnelle accord\u00e9e aux fonctionnaires, tant pour la fonction publique d\u2019Etat que pour la fonction publique territoriale.<br \/>Le cabinet intervient aupr\u00e8s des diff\u00e9rentes juridictions de la Cour d\u2019appel d\u2019AIX-PROVENCE, et au titre de la postulation, dans les ressorts des Tribunaux judiciaires de NICE et GRASSE.<br \/>Toute intervention s\u2019effectue dans le respect des r\u00e8gles d\u00e9ontologiques de la profession, avec une attention particuli\u00e8re accord\u00e9e au devoir de conseil et \u00e0 la discussion des honoraires en toute transparence.<\/p>\n\n","protected":false},"excerpt":{"rendered":"<p>La diversit\u00e9 des comp\u00e9tences et des contentieux trait\u00e9s permet de r\u00e9pondre de mani\u00e8re pr\u00e9cise et r\u00e9active aux attentes de la client\u00e8le du cabinet, compos\u00e9e tout autant de particuliers que d\u2019institutionnels (syndic de copropri\u00e9t\u00e9, collectivit\u00e9 territoriale, soci\u00e9t\u00e9 commerciale\u2026).Nous prenons \u00e9galement en charge les proc\u00e9dures dans le cadre de la protection fonctionnelle accord\u00e9e aux fonctionnaires, tant pour [&#8230;]\n","protected":false},"author":1,"featured_media":0,"parent":0,"menu_order":0,"comment_status":"closed","ping_status":"closed","template":"","meta":{"footnotes":""},"_links":{"self":[{"href":"https:\/\/lexazur-avocats.com\/index.php?rest_route=\/wp\/v2\/pages\/420"}],"collection":[{"href":"https:\/\/lexazur-avocats.com\/index.php?rest_route=\/wp\/v2\/pages"}],"about":[{"href":"https:\/\/lexazur-avocats.com\/index.php?rest_route=\/wp\/v2\/types\/page"}],"author":[{"embeddable":true,"href":"https:\/\/lexazur-avocats.com\/index.php?rest_route=\/wp\/v2\/users\/1"}],"replies":[{"embeddable":true,"href":"https:\/\/lexazur-avocats.com\/index.php?rest_route=%2Fwp%2Fv2%2Fcomments&post=420"}],"version-history":[{"count":9,"href":"https:\/\/lexazur-avocats.com\/index.php?rest_route=\/wp\/v2\/pages\/420\/revisions"}],"predecessor-version":[{"id":535,"href":"https:\/\/lexazur-avocats.com\/index.php?rest_route=\/wp\/v2\/pages\/420\/revisions\/535"}],"wp:attachment":[{"href":"https:\/\/lexazur-avocats.com\/index.php?rest_route=%2Fwp%2Fv2%2Fmedia&parent=420"}],"curies":[{"name":"wp","href":"https:\/\/api.w.org\/{rel}","templated":true}]}}